{"id":1275,"date":"2019-01-08T09:26:32","date_gmt":"2019-01-08T09:26:32","guid":{"rendered":"http:\/\/greenfingers.at\/?page_id=1275"},"modified":"2019-01-08T10:59:55","modified_gmt":"2019-01-08T10:59:55","slug":"home","status":"publish","type":"page","link":"http:\/\/greenfingers.at\/","title":{"rendered":""},"content":{"rendered":"<h2>UNKOMPLIZIERT IM UMGANG MIT KUNDEN. ERFAHREN IN KONZEPTION UND VISUALISIERUNG VON WERBE- UND GEBRAUCHSGRAFIK. EINFALLSREICH BEIM BEGEISTERN VON ZIELGRUPPEN. ZUVERL\u00c4SSIG UND SCHNELL IN DER PRODUKTION. MIT NOCH GEN\u00dcGEND FREIRAUM F\u00dcR GROSSE IDEEN.<\/h2>\n","protected":false},"excerpt":{"rendered":"<p>UNKOMPLIZIERT IM UMGANG MIT KUNDEN. ERFAHREN IN KONZEPTION UND VISUALISIERUNG VON WERBE- UND GEBRAUCHSGRAFIK. EINFALLSREICH [&#038;hellip<\/p>\n","protected":false},"author":2,"featured_media":0,"parent":0,"menu_order":0,"comment_status":"open","ping_status":"open","template":"","meta":[],"_links":{"self":[{"href":"http:\/\/greenfingers.at\/index.php?rest_route=\/wp\/v2\/pages\/1275"}],"collection":[{"href":"http:\/\/greenfingers.at\/index.php?rest_route=\/wp\/v2\/pages"}],"about":[{"href":"http:\/\/greenfingers.at\/index.php?rest_route=\/wp\/v2\/types\/page"}],"author":[{"embeddable":true,"href":"http:\/\/greenfingers.at\/index.php?rest_route=\/wp\/v2\/users\/2"}],"replies":[{"embeddable":true,"href":"http:\/\/greenfingers.at\/index.php?rest_route=%2Fwp%2Fv2%2Fcomments&post=1275"}],"version-history":[{"count":7,"href":"http:\/\/greenfingers.at\/index.php?rest_route=\/wp\/v2\/pages\/1275\/revisions"}],"predecessor-version":[{"id":1293,"href":"http:\/\/greenfingers.at\/index.php?rest_route=\/wp\/v2\/pages\/1275\/revisions\/1293"}],"wp:attachment":[{"href":"http:\/\/greenfingers.at\/index.php?rest_route=%2Fwp%2Fv2%2Fmedia&parent=1275"}],"curies":[{"name":"wp","href":"https:\/\/api.w.org\/{rel}","templated":true}]}}